{"id":719,"date":"2026-02-17T10:51:23","date_gmt":"2026-02-17T10:51:23","guid":{"rendered":"https:\/\/adminelis.fr\/?page_id=719"},"modified":"2026-02-23T12:29:29","modified_gmt":"2026-02-23T12:29:29","slug":"mentions-legales","status":"publish","type":"page","link":"https:\/\/adminelis.fr\/index.php\/mentions-legales\/","title":{"rendered":"Mentions l\u00e9gales"},"content":{"rendered":"\t\t<div data-elementor-type=\"wp-page\" data-elementor-id=\"719\" class=\"elementor elementor-719\">\n\t\t\t\t<div class=\"elementor-element elementor-element-5ea6c55 e-flex e-con-boxed e-con e-parent\" data-id=\"5ea6c55\" data-element_type=\"container\" data-e-type=\"container\">\n\t\t\t\t\t<div class=\"e-con-inner\">\n\t\t\t\t\t<\/div>\n\t\t\t\t<\/div>\n\t\t<div class=\"elementor-element elementor-element-e9677b7 e-flex e-con-boxed e-con e-parent\" data-id=\"e9677b7\" data-element_type=\"container\" data-e-type=\"container\">\n\t\t\t\t\t<div class=\"e-con-inner\">\n\t\t\t\t<div class=\"elementor-element elementor-element-f891e5f elementor-widget elementor-widget-heading\" data-id=\"f891e5f\" data-element_type=\"widget\" data-e-type=\"widget\" data-widget_type=\"heading.default\">\n\t\t\t\t\t<h2 class=\"elementor-heading-title elementor-size-default\">Mentions l\u00e9gales<\/h2>\t\t\t\t<\/div>\n\t\t\t\t\t<\/div>\n\t\t\t\t<\/div>\n\t\t<div class=\"elementor-element elementor-element-56deb0c e-flex e-con-boxed e-con e-parent\" data-id=\"56deb0c\" data-element_type=\"container\" data-e-type=\"container\">\n\t\t\t\t\t<div class=\"e-con-inner\">\n\t\t\t\t<div class=\"elementor-element elementor-element-21467d5 elementor-widget elementor-widget-heading\" data-id=\"21467d5\" data-element_type=\"widget\" data-e-type=\"widget\" data-widget_type=\"heading.default\">\n\t\t\t\t\t<h2 class=\"elementor-heading-title elementor-size-default\">\u00c9diteur du site\n<\/h2>\t\t\t\t<\/div>\n\t\t\t\t<div class=\"elementor-element elementor-element-687e173 elementor-widget elementor-widget-text-editor\" data-id=\"687e173\" data-element_type=\"widget\" data-e-type=\"widget\" data-widget_type=\"text-editor.default\">\n\t\t\t\t\t\t\t\t\t<p>ADMINI\u00c9LIS by TEL4U<br \/><strong>Soci\u00e9t\u00e9 :<\/strong> TEL4U<br \/><strong>Adresse :<\/strong> 150, rue Legendre \u2013 75017 Paris.<br \/><strong>Email :<\/strong> contact@adminelis.com<br \/><strong>T\u00e9l\u00e9phone :<\/strong> +33 1 84 78 02 00<\/p><p>Capital social : 100 000\u20ac<br \/>539 049 775 RCS Paris<br \/>TVA intracommunautaire : FR63539049775<\/p><p>Responsable de la publication : Service Communication.<\/p><p>Conform\u00e9ment \u00e0 la loi \u00ab informatique et libert\u00e9s \u00bb du 6 janvier 1978 modifi\u00e9e, vous disposez d\u2019un droit d\u2019acc\u00e8s et de rectification aux informations qui vous concernent.<\/p><p>Vous pouvez acc\u00e9der aux informations vous concernant en vous adressant \u00e0 : contact@ucc-experts.fr<\/p><p>Vous pouvez \u00e9galement, pour des motifs l\u00e9gitimes, vous opposer au traitement des donn\u00e9es vous concernant.<\/p><p>Pour en savoir plus, consultez vos droits sur le site de la CNIL.<\/p>\t\t\t\t\t\t\t\t<\/div>\n\t\t\t\t\t<\/div>\n\t\t\t\t<\/div>\n\t\t<div class=\"elementor-element elementor-element-83e6ec5 e-flex e-con-boxed e-con e-parent\" data-id=\"83e6ec5\" data-element_type=\"container\" data-e-type=\"container\">\n\t\t\t\t\t<div class=\"e-con-inner\">\n\t\t\t\t<div class=\"elementor-element elementor-element-66c81e5 elementor-widget elementor-widget-heading\" data-id=\"66c81e5\" data-element_type=\"widget\" data-e-type=\"widget\" data-widget_type=\"heading.default\">\n\t\t\t\t\t<h2 class=\"elementor-heading-title elementor-size-default\">Directeur de la publication<\/h2>\t\t\t\t<\/div>\n\t\t\t\t<div class=\"elementor-element elementor-element-854c513 elementor-widget elementor-widget-text-editor\" data-id=\"854c513\" data-element_type=\"widget\" data-e-type=\"widget\" data-widget_type=\"text-editor.default\">\n\t\t\t\t\t\t\t\t\t<p><strong>TEL4U<\/strong><\/p>\t\t\t\t\t\t\t\t<\/div>\n\t\t\t\t\t<\/div>\n\t\t\t\t<\/div>\n\t\t<div class=\"elementor-element elementor-element-62af2d4 e-flex e-con-boxed e-con e-parent\" data-id=\"62af2d4\" data-element_type=\"container\" data-e-type=\"container\">\n\t\t\t\t\t<div class=\"e-con-inner\">\n\t\t\t\t<div class=\"elementor-element elementor-element-d749842 elementor-widget elementor-widget-heading\" data-id=\"d749842\" data-element_type=\"widget\" data-e-type=\"widget\" data-widget_type=\"heading.default\">\n\t\t\t\t\t<h2 class=\"elementor-heading-title elementor-size-default\">H\u00e9bergement<\/h2>\t\t\t\t<\/div>\n\t\t\t\t<div class=\"elementor-element elementor-element-8f68562 elementor-widget elementor-widget-text-editor\" data-id=\"8f68562\" data-element_type=\"widget\" data-e-type=\"widget\" data-widget_type=\"text-editor.default\">\n\t\t\t\t\t\t\t\t\t<p>OVH SAS<br \/>2 rue Kellermann \u2013 59100 Roubaix \u2013 France<br \/><a href=\"http:\/\/www.ovh.com\/\" rel=\"noopener noreferrer\">www.ovh.com<\/a><\/p>\t\t\t\t\t\t\t\t<\/div>\n\t\t\t\t\t<\/div>\n\t\t\t\t<\/div>\n\t\t\t\t<\/div>\n\t\t","protected":false},"excerpt":{"rendered":"<p>Mentions l\u00e9gales \u00c9diteur du site ADMINI\u00c9LIS by TEL4USoci\u00e9t\u00e9 : TEL4UAdresse : 150, rue Legendre \u2013 75017 Paris.Email : contact@adminelis.comT\u00e9l\u00e9phone : +33 1 84 78 02 00 Capital social : 100 000\u20ac539 049 775 RCS ParisTVA intracommunautaire : FR63539049775 Responsable de la publication : Service Communication. Conform\u00e9ment \u00e0 la loi \u00ab informatique et libert\u00e9s \u00bb du [&hellip;]<\/p>\n","protected":false},"author":1,"featured_media":0,"parent":0,"menu_order":0,"comment_status":"closed","ping_status":"closed","template":"","meta":{"footnotes":""},"class_list":["post-719","page","type-page","status-publish","hentry","entry"],"_links":{"self":[{"href":"https:\/\/adminelis.fr\/index.php\/wp-json\/wp\/v2\/pages\/719","targetHints":{"allow":["GET"]}}],"collection":[{"href":"https:\/\/adminelis.fr\/index.php\/wp-json\/wp\/v2\/pages"}],"about":[{"href":"https:\/\/adminelis.fr\/index.php\/wp-json\/wp\/v2\/types\/page"}],"author":[{"embeddable":true,"href":"https:\/\/adminelis.fr\/index.php\/wp-json\/wp\/v2\/users\/1"}],"replies":[{"embeddable":true,"href":"https:\/\/adminelis.fr\/index.php\/wp-json\/wp\/v2\/comments?post=719"}],"version-history":[{"count":16,"href":"https:\/\/adminelis.fr\/index.php\/wp-json\/wp\/v2\/pages\/719\/revisions"}],"predecessor-version":[{"id":927,"href":"https:\/\/adminelis.fr\/index.php\/wp-json\/wp\/v2\/pages\/719\/revisions\/927"}],"wp:attachment":[{"href":"https:\/\/adminelis.fr\/index.php\/wp-json\/wp\/v2\/media?parent=719"}],"curies":[{"name":"wp","href":"https:\/\/api.w.org\/{rel}","templated":true}]}}