{"id":727,"date":"2026-02-17T11:05:22","date_gmt":"2026-02-17T11:05:22","guid":{"rendered":"https:\/\/adminelis.fr\/?page_id=727"},"modified":"2026-02-17T11:23:20","modified_gmt":"2026-02-17T11:23:20","slug":"politique-de-confidentialite","status":"publish","type":"page","link":"https:\/\/adminelis.fr\/index.php\/politique-de-confidentialite\/","title":{"rendered":"Politique de confidentialit\u00e9"},"content":{"rendered":"\t\t<div data-elementor-type=\"wp-page\" data-elementor-id=\"727\" class=\"elementor elementor-727\">\n\t\t\t\t<div class=\"elementor-element elementor-element-3b5cb4c e-flex e-con-boxed e-con e-parent\" data-id=\"3b5cb4c\" data-element_type=\"container\" data-e-type=\"container\">\n\t\t\t\t\t<div class=\"e-con-inner\">\n\t\t\t\t\t<\/div>\n\t\t\t\t<\/div>\n\t\t<div class=\"elementor-element elementor-element-fb68643 e-flex e-con-boxed e-con e-parent\" data-id=\"fb68643\" data-element_type=\"container\" data-e-type=\"container\">\n\t\t\t\t\t<div class=\"e-con-inner\">\n\t\t\t\t<div class=\"elementor-element elementor-element-1d160a7 elementor-widget elementor-widget-heading\" data-id=\"1d160a7\" data-element_type=\"widget\" data-e-type=\"widget\" data-widget_type=\"heading.default\">\n\t\t\t\t\t<h2 class=\"elementor-heading-title elementor-size-default\">Politique de confidentialit\u00e9<\/h2>\t\t\t\t<\/div>\n\t\t\t\t\t<\/div>\n\t\t\t\t<\/div>\n\t\t<div class=\"elementor-element elementor-element-6e8a5db e-flex e-con-boxed e-con e-parent\" data-id=\"6e8a5db\" data-element_type=\"container\" data-e-type=\"container\">\n\t\t\t\t\t<div class=\"e-con-inner\">\n\t\t\t\t<div class=\"elementor-element elementor-element-9a1e9ee elementor-widget elementor-widget-heading\" data-id=\"9a1e9ee\" data-element_type=\"widget\" data-e-type=\"widget\" data-widget_type=\"heading.default\">\n\t\t\t\t\t<h2 class=\"elementor-heading-title elementor-size-default\">Donn\u00e9es collect\u00e9es<\/h2>\t\t\t\t<\/div>\n\t\t\t\t<div class=\"elementor-element elementor-element-7059576 elementor-widget elementor-widget-text-editor\" data-id=\"7059576\" data-element_type=\"widget\" data-e-type=\"widget\" data-widget_type=\"text-editor.default\">\n\t\t\t\t\t\t\t\t\t<p>Les donn\u00e9es collect\u00e9es via le formulaire de contact sont :<\/p><ul dir=\"auto\"><li>Nom<\/li><li>Adresse email<\/li><li>Message<\/li><\/ul><p>Les donn\u00e9es collect\u00e9es via le formulaire de devis sont :<\/p><ul dir=\"auto\"><li>Nom<\/li><li>Adresse email<\/li><li>Num\u00e9ro de t\u00e9l\u00e9phone<\/li><li>Nom de la soci\u00e9t\u00e9<\/li><li>Message<\/li><\/ul>\t\t\t\t\t\t\t\t<\/div>\n\t\t\t\t\t<\/div>\n\t\t\t\t<\/div>\n\t\t<div class=\"elementor-element elementor-element-4742ae1 e-flex e-con-boxed e-con e-parent\" data-id=\"4742ae1\" data-element_type=\"container\" data-e-type=\"container\">\n\t\t\t\t\t<div class=\"e-con-inner\">\n\t\t\t\t<div class=\"elementor-element elementor-element-3f782f5 elementor-widget elementor-widget-heading\" data-id=\"3f782f5\" data-element_type=\"widget\" data-e-type=\"widget\" data-widget_type=\"heading.default\">\n\t\t\t\t\t<h2 class=\"elementor-heading-title elementor-size-default\">Finalit\u00e9<\/h2>\t\t\t\t<\/div>\n\t\t\t\t<div class=\"elementor-element elementor-element-6ecde91 elementor-widget elementor-widget-text-editor\" data-id=\"6ecde91\" data-element_type=\"widget\" data-e-type=\"widget\" data-widget_type=\"text-editor.default\">\n\t\t\t\t\t\t\t\t\t<p>Les donn\u00e9es sont utilis\u00e9es uniquement pour :<\/p><ul dir=\"auto\"><li>R\u00e9pondre aux demandes de contact et de devis<\/li><li>Echanger dans un cadre commercial<\/li><\/ul>\t\t\t\t\t\t\t\t<\/div>\n\t\t\t\t\t<\/div>\n\t\t\t\t<\/div>\n\t\t<div class=\"elementor-element elementor-element-e4c01d8 e-flex e-con-boxed e-con e-parent\" data-id=\"e4c01d8\" data-element_type=\"container\" data-e-type=\"container\">\n\t\t\t\t\t<div class=\"e-con-inner\">\n\t\t\t\t<div class=\"elementor-element elementor-element-9cf587c elementor-widget elementor-widget-heading\" data-id=\"9cf587c\" data-element_type=\"widget\" data-e-type=\"widget\" data-widget_type=\"heading.default\">\n\t\t\t\t\t<h2 class=\"elementor-heading-title elementor-size-default\">Conservation<\/h2>\t\t\t\t<\/div>\n\t\t\t\t<div class=\"elementor-element elementor-element-52a348f elementor-widget elementor-widget-text-editor\" data-id=\"52a348f\" data-element_type=\"widget\" data-e-type=\"widget\" data-widget_type=\"text-editor.default\">\n\t\t\t\t\t\t\t\t\t<p>Les donn\u00e9es sont conserv\u00e9es pendant une dur\u00e9e maximale de\u00a0<strong>12 mois<\/strong>.<\/p>\t\t\t\t\t\t\t\t<\/div>\n\t\t\t\t\t<\/div>\n\t\t\t\t<\/div>\n\t\t<div class=\"elementor-element elementor-element-9ca05c6 e-flex e-con-boxed e-con e-parent\" data-id=\"9ca05c6\" data-element_type=\"container\" data-e-type=\"container\">\n\t\t\t\t\t<div class=\"e-con-inner\">\n\t\t\t\t<div class=\"elementor-element elementor-element-e7bd1a0 elementor-widget elementor-widget-heading\" data-id=\"e7bd1a0\" data-element_type=\"widget\" data-e-type=\"widget\" data-widget_type=\"heading.default\">\n\t\t\t\t\t<h2 class=\"elementor-heading-title elementor-size-default\">Confidentialit\u00e9<\/h2>\t\t\t\t<\/div>\n\t\t\t\t<div class=\"elementor-element elementor-element-89d1598 elementor-widget elementor-widget-text-editor\" data-id=\"89d1598\" data-element_type=\"widget\" data-e-type=\"widget\" data-widget_type=\"text-editor.default\">\n\t\t\t\t\t\t\t\t\t<p>Les donn\u00e9es ne sont\u00a0<strong>ni vendues, ni c\u00e9d\u00e9es \u00e0 des tiers<\/strong>.<\/p>\t\t\t\t\t\t\t\t<\/div>\n\t\t\t\t\t<\/div>\n\t\t\t\t<\/div>\n\t\t<div class=\"elementor-element elementor-element-a32bbe2 e-flex e-con-boxed e-con e-parent\" data-id=\"a32bbe2\" data-element_type=\"container\" data-e-type=\"container\">\n\t\t\t\t\t<div class=\"e-con-inner\">\n\t\t\t\t<div class=\"elementor-element elementor-element-32fce04 elementor-widget elementor-widget-heading\" data-id=\"32fce04\" data-element_type=\"widget\" data-e-type=\"widget\" data-widget_type=\"heading.default\">\n\t\t\t\t\t<h2 class=\"elementor-heading-title elementor-size-default\">Droits des utilisateurs<\/h2>\t\t\t\t<\/div>\n\t\t\t\t<div class=\"elementor-element elementor-element-9335cbc elementor-widget elementor-widget-text-editor\" data-id=\"9335cbc\" data-element_type=\"widget\" data-e-type=\"widget\" data-widget_type=\"text-editor.default\">\n\t\t\t\t\t\t\t\t\t<p>Conform\u00e9ment au RGPD, vous disposez d\u2019un droit d\u2019acc\u00e8s, de rectification et de suppression de vos donn\u00e9es.<\/p>\t\t\t\t\t\t\t\t<\/div>\n\t\t\t\t\t<\/div>\n\t\t\t\t<\/div>\n\t\t\t\t<\/div>\n\t\t","protected":false},"excerpt":{"rendered":"<p>Politique de confidentialit\u00e9 Donn\u00e9es collect\u00e9es Les donn\u00e9es collect\u00e9es via le formulaire de contact sont : Nom Adresse email Message Les donn\u00e9es collect\u00e9es via le formulaire de devis sont : Nom Adresse email Num\u00e9ro de t\u00e9l\u00e9phone Nom de la soci\u00e9t\u00e9 Message Finalit\u00e9 Les donn\u00e9es sont utilis\u00e9es uniquement pour : R\u00e9pondre aux demandes de contact et de [&hellip;]<\/p>\n","protected":false},"author":1,"featured_media":0,"parent":0,"menu_order":0,"comment_status":"closed","ping_status":"closed","template":"","meta":{"footnotes":""},"class_list":["post-727","page","type-page","status-publish","hentry","entry"],"_links":{"self":[{"href":"https:\/\/adminelis.fr\/index.php\/wp-json\/wp\/v2\/pages\/727","targetHints":{"allow":["GET"]}}],"collection":[{"href":"https:\/\/adminelis.fr\/index.php\/wp-json\/wp\/v2\/pages"}],"about":[{"href":"https:\/\/adminelis.fr\/index.php\/wp-json\/wp\/v2\/types\/page"}],"author":[{"embeddable":true,"href":"https:\/\/adminelis.fr\/index.php\/wp-json\/wp\/v2\/users\/1"}],"replies":[{"embeddable":true,"href":"https:\/\/adminelis.fr\/index.php\/wp-json\/wp\/v2\/comments?post=727"}],"version-history":[{"count":4,"href":"https:\/\/adminelis.fr\/index.php\/wp-json\/wp\/v2\/pages\/727\/revisions"}],"predecessor-version":[{"id":734,"href":"https:\/\/adminelis.fr\/index.php\/wp-json\/wp\/v2\/pages\/727\/revisions\/734"}],"wp:attachment":[{"href":"https:\/\/adminelis.fr\/index.php\/wp-json\/wp\/v2\/media?parent=727"}],"curies":[{"name":"wp","href":"https:\/\/api.w.org\/{rel}","templated":true}]}}